{"id":50,"date":"2024-07-04T17:54:32","date_gmt":"2024-07-04T17:54:32","guid":{"rendered":"https:\/\/fourtd-tech.si\/?page_id=50"},"modified":"2024-07-04T18:54:42","modified_gmt":"2024-07-04T18:54:42","slug":"novice","status":"publish","type":"page","link":"https:\/\/fourtd-tech.si\/index.php\/novice\/","title":{"rendered":"Novice"},"content":{"rendered":"\n<p>Pravkar smo naro\u010dili dva stroja za na\u0161o stranko kateri bosta pomagala uresni\u010devati svoje projekte neodvisno od drugi kooperantov. <\/p>\n\n\n\n<p>V prihodu sta laserski rezalnik SB1530-Eco 3kW in stroj za upogibanje plo\u010devine PB125\/2500-Eco. <\/p>\n\n\n\n<p>Verjetno se spra\u0161ujete zakaj Eco? Eco je pomen za ekonomi\u010dnost. Stroj je ekonomi\u010den in primeren za vse manj\u0161e delavnice in podjetja katera ho\u010dejo biti neodvisna od drugih dobaviteljev, kljub temu pa imajo stroj kateri je cenovno ugoden in pa kar je najpomembnej\u0161e kvaliteten. <\/p>\n\n\n\n<p><\/p>\n\n\n\n<figure class=\"wp-block-gallery has-nested-images columns-default is-cropped wp-block-gallery-1 is-layout-flex wp-block-gallery-is-layout-flex\">\n<figure class=\"wp-block-image size-large is-style-rounded\"><img fetchpriority=\"high\" decoding=\"async\" width=\"1024\" height=\"576\" data-id=\"94\" src=\"https:\/\/fourtd-tech.si\/wp-content\/uploads\/2024\/07\/PB125_2500-TP10S-1024x576.jpg\" alt=\"\" class=\"wp-image-94\" srcset=\"https:\/\/fourtd-tech.si\/wp-content\/uploads\/2024\/07\/PB125_2500-TP10S-1024x576.jpg 1024w, https:\/\/fourtd-tech.si\/wp-content\/uploads\/2024\/07\/PB125_2500-TP10S-300x169.jpg 300w, https:\/\/fourtd-tech.si\/wp-content\/uploads\/2024\/07\/PB125_2500-TP10S-768x432.jpg 768w, https:\/\/fourtd-tech.si\/wp-content\/uploads\/2024\/07\/PB125_2500-TP10S.jpg 1280w\" sizes=\"(max-width: 1024px) 100vw, 1024px\" \/><\/figure>\n<\/figure>\n\n\n\n<figure class=\"wp-block-gallery has-nested-images columns-default is-cropped wp-block-gallery-2 is-layout-flex wp-block-gallery-is-layout-flex\">\n<figure class=\"wp-block-image size-large\"><img decoding=\"async\" width=\"1024\" height=\"576\" data-id=\"95\" src=\"https:\/\/fourtd-tech.si\/wp-content\/uploads\/2024\/07\/SB3015-Eco-1024x576.jpg\" alt=\"\" class=\"wp-image-95\" srcset=\"https:\/\/fourtd-tech.si\/wp-content\/uploads\/2024\/07\/SB3015-Eco-1024x576.jpg 1024w, https:\/\/fourtd-tech.si\/wp-content\/uploads\/2024\/07\/SB3015-Eco-300x169.jpg 300w, https:\/\/fourtd-tech.si\/wp-content\/uploads\/2024\/07\/SB3015-Eco-768x432.jpg 768w, https:\/\/fourtd-tech.si\/wp-content\/uploads\/2024\/07\/SB3015-Eco.jpg 1280w\" sizes=\"(max-width: 1024px) 100vw, 1024px\" \/><\/figure>\n<\/figure>\n","protected":false},"excerpt":{"rendered":"<p>Pravkar smo naro\u010dili dva stroja za na\u0161o stranko kateri bosta pomagala uresni\u010devati svoje projekte neodvisno od drugi kooperantov. V prihodu sta laserski rezalnik SB1530-Eco 3kW in stroj za upogibanje plo\u010devine PB125\/2500-Eco. Verjetno se spra\u0161ujete zakaj Eco? Eco je pomen za&#8230; <a class=\"direadmore\" href=\"https:\/\/fourtd-tech.si\/index.php\/novice\/\"> Continue Reading&#8230;<\/a><\/p>\n","protected":false},"author":1,"featured_media":0,"parent":0,"menu_order":0,"comment_status":"closed","ping_status":"closed","template":"","meta":{"postBodyCss":"","postBodyMargin":[],"postBodyPadding":[],"postBodyBackground":{"backgroundType":"classic","gradient":""},"footnotes":""},"class_list":["post-50","page","type-page","status-publish","hentry"],"_links":{"self":[{"href":"https:\/\/fourtd-tech.si\/index.php\/wp-json\/wp\/v2\/pages\/50","targetHints":{"allow":["GET"]}}],"collection":[{"href":"https:\/\/fourtd-tech.si\/index.php\/wp-json\/wp\/v2\/pages"}],"about":[{"href":"https:\/\/fourtd-tech.si\/index.php\/wp-json\/wp\/v2\/types\/page"}],"author":[{"embeddable":true,"href":"https:\/\/fourtd-tech.si\/index.php\/wp-json\/wp\/v2\/users\/1"}],"replies":[{"embeddable":true,"href":"https:\/\/fourtd-tech.si\/index.php\/wp-json\/wp\/v2\/comments?post=50"}],"version-history":[{"count":2,"href":"https:\/\/fourtd-tech.si\/index.php\/wp-json\/wp\/v2\/pages\/50\/revisions"}],"predecessor-version":[{"id":96,"href":"https:\/\/fourtd-tech.si\/index.php\/wp-json\/wp\/v2\/pages\/50\/revisions\/96"}],"wp:attachment":[{"href":"https:\/\/fourtd-tech.si\/index.php\/wp-json\/wp\/v2\/media?parent=50"}],"curies":[{"name":"wp","href":"https:\/\/api.w.org\/{rel}","templated":true}]}}